{"id":150,"date":"2021-01-22T15:53:28","date_gmt":"2021-01-22T14:53:28","guid":{"rendered":"https:\/\/www.sprint-italia.it\/?page_id=150"},"modified":"2023-10-20T10:55:52","modified_gmt":"2023-10-20T08:55:52","slug":"home","status":"publish","type":"page","link":"https:\/\/www.sprint-italia.it\/de","title":{"rendered":"Home"},"content":{"rendered":"<p><div class=\"fusion-fullwidth fullwidth-box fusion-builder-row-1 fusion-flex-container hundred-percent-fullwidth non-hundred-percent-height-scrolling\" style=\"--awb-border-radius-top-left:0px;--awb-border-radius-top-right:0px;--awb-border-radius-bottom-right:0px;--awb-border-radius-bottom-left:0px;--awb-padding-top:0px;--awb-padding-right:0px;--awb-padding-bottom:0px;--awb-padding-left:0px;--awb-margin-top:0px;--awb-margin-bottom:0px;--awb-background-color:#004e70;\" ><div class=\"fusion-builder-row fusion-row fusion-flex-align-items-stretch\" style=\"width:104% !important;max-width:104% !important;margin-left: calc(-4% \/ 2 );margin-right: calc(-4% \/ 2 );\"><div class=\"fusion-layout-column fusion_builder_column fusion-builder-column-0 fusion_builder_column_1_3 1_3 fusion-flex-column\" style=\"--awb-bg-image:url(&#039;https:\/\/www.sprint-italia.it\/wp-content\/uploads\/Webseite.jpg&#039;);--awb-bg-position:right top;--awb-bg-size:cover;--awb-width-large:33.333333333333%;--awb-margin-top-large:0px;--awb-spacing-right-large:5.76%;--awb-margin-bottom-large:0px;--awb-spacing-left-large:5.76%;--awb-width-medium:33.333333333333%;--awb-order-medium:0;--awb-spacing-right-medium:5.76%;--awb-spacing-left-medium:5.76%;--awb-width-small:100%;--awb-order-small:0;--awb-spacing-right-small:1.92%;--awb-spacing-left-small:1.92%;\"><div class=\"fusion-column-wrapper fusion-column-has-shadow fusion-flex-justify-content-flex-start fusion-content-layout-column fusion-empty-column-bg-image\" data-bg-url=\"https:\/\/www.sprint-italia.it\/wp-content\/uploads\/Webseite.jpg\"><img decoding=\"async\" class=\"fusion-empty-dims-img-placeholder fusion-no-large-visibility fusion-no-medium-visibility\" src=\"data:image\/svg+xml,%3Csvg%20xmlns%3D%27http%3A%2F%2Fwww.w3.org%2F2000%2Fsvg%27%20width%3D%271000%27%20height%3D%271000%27%20viewBox%3D%270%200%201000%201000%27%3E%3Crect%20width%3D%271000%27%20height%3D%271000%27%20fill-opacity%3D%220%22%2F%3E%3C%2Fsvg%3E\"><\/div><\/div><div class=\"fusion-layout-column fusion_builder_column fusion-builder-column-1 fusion_builder_column_1_2 1_2 fusion-flex-column h-col-txt-bianco\" style=\"--awb-padding-top:50px;--awb-padding-right:50px;--awb-padding-bottom:50px;--awb-padding-left:50px;--awb-bg-size:cover;--awb-width-large:50%;--awb-margin-top-large:0px;--awb-spacing-right-large:3.84%;--awb-margin-bottom-large:0px;--awb-spacing-left-large:3.84%;--awb-width-medium:50%;--awb-order-medium:0;--awb-spacing-right-medium:3.84%;--awb-spacing-left-medium:3.84%;--awb-width-small:100%;--awb-order-small:0;--awb-spacing-right-small:1.92%;--awb-spacing-left-small:1.92%;\"><div class=\"fusion-column-wrapper fusion-column-has-shadow fusion-flex-justify-content-flex-start fusion-content-layout-column\"><div class=\"fusion-text fusion-text-1\" style=\"--awb-font-size:30px;--awb-text-color:#8fafcb;\"><p class=\"fusion-responsive-typography-calculated\" style=\"text-align: center;\" data-fontsize=\"32\" data-lineheight=\"41.6px\"><strong>Sprint Italia<\/strong><\/p>\n<\/div><div class=\"fusion-text fusion-text-2\" style=\"--awb-font-size:30px;--awb-text-color:#ffffff;\"><p style=\"text-align: center;\"><strong>IHR SANIERUNGS-PARTNER <\/strong><br \/>\n<strong>IN S\u00dcDTIROL<\/strong><\/p>\n<p><strong>\u00a0<\/strong><\/p>\n<\/div><div class=\"fusion-text fusion-text-3\" style=\"--awb-text-color:#ffffff;\"><div class=\"description\">\n<div class=\"inner\">\n<p style=\"text-align: center;\">Egal aus welchem Grund ein Schaden entstanden ist, egal welches Ausma\u00df oder welche Art dieser aufweist: Er muss behoben werden &#8211; wir \u00fcbernehmen das!<\/p>\n<p style=\"text-align: center;\">Im Jahr 2018 haben wir mit Sprint Italia die erste Tochtergesellschaft unseres deutschen Sanierungsunternehmens in S\u00fcdtirol gegr\u00fcndet. Seitdem sind wir von unserem Sitz in Bozen aus s\u00fcdtirolweit im Sanierungs-Einsatz. Dabei setzen wir nicht nur auf kompetente, zweisprachige Mitarbeiter und Experten, sondern auch auf neue Technologien und selbstentwickelte Verfahren. Innovativ, aber auf Qualit\u00e4t bedacht \u2013 so unser Credo.<\/p>\n<p style=\"text-align: center;\">Das Wichtigste verlieren wir dabei nie aus den Augen &#8211; wir sanieren mit Leidenschaft und setzen uns mit Herz und Verstand f\u00fcr Sie ein: Wir bieten schnelle und kompetente Hilfe bei Brand-, Wasser- oder Umweltsch\u00e4den und gehen Schimmel an den Kragen.<br \/>\nWo ein Schaden, da auch Sprint \u2013 darauf ist Verlass.<\/p>\n<\/div>\n<\/div>\n<\/div><\/div><\/div><div class=\"fusion-layout-column fusion_builder_column fusion-builder-column-2 fusion_builder_column_1_6 1_6 fusion-flex-column\" style=\"--awb-bg-size:cover;--awb-width-large:16.666666666667%;--awb-spacing-right-large:11.52%;--awb-spacing-left-large:11.52%;--awb-width-medium:16.666666666667%;--awb-order-medium:0;--awb-spacing-right-medium:11.52%;--awb-spacing-left-medium:11.52%;--awb-width-small:100%;--awb-order-small:0;--awb-spacing-right-small:1.92%;--awb-spacing-left-small:1.92%;\"><div class=\"fusion-column-wrapper fusion-column-has-shadow fusion-flex-justify-content-flex-start fusion-content-layout-column\"><\/div><\/div><\/div><\/div><div class=\"fusion-fullwidth fullwidth-box fusion-builder-row-2 fusion-flex-container nonhundred-percent-fullwidth non-hundred-percent-height-scrolling\" style=\"--awb-border-radius-top-left:0px;--awb-border-radius-top-right:0px;--awb-border-radius-bottom-right:0px;--awb-border-radius-bottom-left:0px;--awb-padding-top:50px;\" ><div class=\"fusion-builder-row fusion-row fusion-flex-align-items-flex-start\" style=\"max-width:1352px;margin-left: calc(-4% \/ 2 );margin-right: calc(-4% \/ 2 );\"><div class=\"fusion-layout-column fusion_builder_column fusion-builder-column-3 fusion_builder_column_1_3 1_3 fusion-flex-column\" style=\"--awb-bg-size:cover;--awb-width-large:33.333333333333%;--awb-spacing-right-large:5.76%;--awb-spacing-left-large:5.76%;--awb-width-medium:33.333333333333%;--awb-order-medium:0;--awb-spacing-right-medium:5.76%;--awb-spacing-left-medium:5.76%;--awb-width-small:100%;--awb-order-small:0;--awb-spacing-right-small:1.92%;--awb-spacing-left-small:1.92%;\"><div class=\"fusion-column-wrapper fusion-column-has-shadow fusion-flex-justify-content-flex-start fusion-content-layout-column\"><div class=\"fusion-image-element \"><span class=\" fusion-imageframe imageframe-none imageframe-1 hover-type-none\"><img decoding=\"async\" width=\"345\" height=\"345\" title=\"chi-siamo-risanamento-danni-incendio-muffa-acqua-pronto-intervento-edifici-sicurezza-decontaminazione-smaltimento-allagamento-purificazione\" src=\"https:\/\/www.sprint-italia.it\/wp-content\/uploads\/chi-siamo-risanamento-danni-incendio-muffa-acqua-pronto-intervento-edifici-sicurezza-decontaminazione-smaltimento-allagamento-purificazione.jpg\" alt class=\"img-responsive wp-image-187\" srcset=\"https:\/\/www.sprint-italia.it\/wp-content\/uploads\/chi-siamo-risanamento-danni-incendio-muffa-acqua-pronto-intervento-edifici-sicurezza-decontaminazione-smaltimento-allagamento-purificazione-200x200.jpg 200w, https:\/\/www.sprint-italia.it\/wp-content\/uploads\/chi-siamo-risanamento-danni-incendio-muffa-acqua-pronto-intervento-edifici-sicurezza-decontaminazione-smaltimento-allagamento-purificazione.jpg 345w\" sizes=\"(max-width: 640px) 100vw, 345px\" \/><\/span><\/div><\/div><\/div><div class=\"fusion-layout-column fusion_builder_column fusion-builder-column-4 fusion_builder_column_1_3 1_3 fusion-flex-column\" style=\"--awb-bg-size:cover;--awb-width-large:33.333333333333%;--awb-spacing-right-large:5.76%;--awb-spacing-left-large:5.76%;--awb-width-medium:33.333333333333%;--awb-order-medium:0;--awb-spacing-right-medium:5.76%;--awb-spacing-left-medium:5.76%;--awb-width-small:100%;--awb-order-small:0;--awb-spacing-right-small:1.92%;--awb-spacing-left-small:1.92%;\"><div class=\"fusion-column-wrapper fusion-column-has-shadow fusion-flex-justify-content-flex-start fusion-content-layout-column\"><div class=\"fusion-text fusion-text-4\" style=\"--awb-font-size:25px;--awb-text-color:#002942;\"><p style=\"text-align: right;\"><strong>Unsere Wurzeln<\/strong><\/p>\n<\/div><div class=\"fusion-text fusion-text-5\"><div class=\"description\">\n<p style=\"text-align: right;\">1973 fiel der Startschuss zur Gr\u00fcndung unseres Unternehmens Sprint Sanierung GmbH in D\u00fcsseldorf. Seitdem haben wir nur eines im Kopf: sanieren, sanieren, sanieren. Mittlerweile z\u00e4hlen wir mit dem Hauptsitz in K\u00f6ln 37 Niederlassungen in ganz Deutschland und sind Partner f\u00fcr Versicherungen, Immobiliengesellschaften, Handel, Industrie und Privatpersonen. Unser Anspruch folgt der stetigen Weiterentwicklung: Innovativ und immer auf dem neuesten Stand. Mit diesem Ziel vor Augen ist schlie\u00dflich auch unsere Sprint-Akademie entstanden. Als Dienstleistungszentrum haben wir f\u00fcr die Ausbildung unserer Mitarbeiter, sowie f\u00fcr externe Interessenten das passende Angebot in allen Sanierungsfragen.<\/p>\n<\/div>\n<\/div><\/div><\/div><div class=\"fusion-layout-column fusion_builder_column fusion-builder-column-5 fusion_builder_column_1_3 1_3 fusion-flex-column\" style=\"--awb-bg-size:cover;--awb-width-large:33.333333333333%;--awb-spacing-right-large:5.76%;--awb-spacing-left-large:5.76%;--awb-width-medium:33.333333333333%;--awb-order-medium:0;--awb-spacing-right-medium:5.76%;--awb-spacing-left-medium:5.76%;--awb-width-small:100%;--awb-order-small:0;--awb-spacing-right-small:1.92%;--awb-spacing-left-small:1.92%;\"><div class=\"fusion-column-wrapper fusion-column-has-shadow fusion-flex-justify-content-flex-start fusion-content-layout-column\"><div class=\"fusion-image-element \"><span class=\" fusion-imageframe imageframe-none imageframe-2 hover-type-none\"><img decoding=\"async\" width=\"345\" height=\"345\" title=\"chi-siamo-risanamento-danni-incendio-muffa-acqua-pronto-intervento-edifici-sicurezza-decontaminazione-smaltimento-allagamento-purificazione3\" src=\"https:\/\/www.sprint-italia.it\/wp-content\/uploads\/chi-siamo-risanamento-danni-incendio-muffa-acqua-pronto-intervento-edifici-sicurezza-decontaminazione-smaltimento-allagamento-purificazione3.jpg\" alt class=\"img-responsive wp-image-189\" srcset=\"https:\/\/www.sprint-italia.it\/wp-content\/uploads\/chi-siamo-risanamento-danni-incendio-muffa-acqua-pronto-intervento-edifici-sicurezza-decontaminazione-smaltimento-allagamento-purificazione3-200x200.jpg 200w, https:\/\/www.sprint-italia.it\/wp-content\/uploads\/chi-siamo-risanamento-danni-incendio-muffa-acqua-pronto-intervento-edifici-sicurezza-decontaminazione-smaltimento-allagamento-purificazione3.jpg 345w\" sizes=\"(max-width: 640px) 100vw, 345px\" \/><\/span><\/div><\/div><\/div><\/div><\/div>\n<div class=\"fusion-fullwidth fullwidth-box fusion-builder-row-3 fusion-flex-container nonhundred-percent-fullwidth non-hundred-percent-height-scrolling\" style=\"--awb-border-radius-top-left:0px;--awb-border-radius-top-right:0px;--awb-border-radius-bottom-right:0px;--awb-border-radius-bottom-left:0px;--awb-padding-top:50px;\" ><div class=\"fusion-builder-row fusion-row fusion-flex-align-items-flex-start\" style=\"max-width:1352px;margin-left: calc(-4% \/ 2 );margin-right: calc(-4% \/ 2 );\"><div class=\"fusion-layout-column fusion_builder_column fusion-builder-column-6 fusion_builder_column_1_3 1_3 fusion-flex-column\" style=\"--awb-bg-size:cover;--awb-width-large:33.333333333333%;--awb-spacing-right-large:5.76%;--awb-spacing-left-large:5.76%;--awb-width-medium:33.333333333333%;--awb-order-medium:0;--awb-spacing-right-medium:5.76%;--awb-spacing-left-medium:5.76%;--awb-width-small:100%;--awb-order-small:0;--awb-spacing-right-small:1.92%;--awb-spacing-left-small:1.92%;\"><div class=\"fusion-column-wrapper fusion-column-has-shadow fusion-flex-justify-content-flex-start fusion-content-layout-column\"><div class=\"fusion-image-element \"><span class=\" fusion-imageframe imageframe-none imageframe-3 hover-type-none\"><img decoding=\"async\" width=\"345\" height=\"345\" title=\"chi-siamo-risanamento-danni-incendio-muffa-acqua-pronto-intervento-edifici-sicurezza-decontaminazione-smaltimento-allagamento-purificazione2\" src=\"https:\/\/www.sprint-italia.it\/wp-content\/uploads\/chi-siamo-risanamento-danni-incendio-muffa-acqua-pronto-intervento-edifici-sicurezza-decontaminazione-smaltimento-allagamento-purificazione2.jpg\" alt class=\"img-responsive wp-image-188\" srcset=\"https:\/\/www.sprint-italia.it\/wp-content\/uploads\/chi-siamo-risanamento-danni-incendio-muffa-acqua-pronto-intervento-edifici-sicurezza-decontaminazione-smaltimento-allagamento-purificazione2-200x200.jpg 200w, https:\/\/www.sprint-italia.it\/wp-content\/uploads\/chi-siamo-risanamento-danni-incendio-muffa-acqua-pronto-intervento-edifici-sicurezza-decontaminazione-smaltimento-allagamento-purificazione2.jpg 345w\" sizes=\"(max-width: 640px) 100vw, 345px\" \/><\/span><\/div><\/div><\/div><div class=\"fusion-layout-column fusion_builder_column fusion-builder-column-7 fusion_builder_column_1_3 1_3 fusion-flex-column\" style=\"--awb-bg-size:cover;--awb-width-large:33.333333333333%;--awb-spacing-right-large:5.76%;--awb-spacing-left-large:5.76%;--awb-width-medium:33.333333333333%;--awb-order-medium:0;--awb-spacing-right-medium:5.76%;--awb-spacing-left-medium:5.76%;--awb-width-small:100%;--awb-order-small:0;--awb-spacing-right-small:1.92%;--awb-spacing-left-small:1.92%;\"><div class=\"fusion-column-wrapper fusion-column-has-shadow fusion-flex-justify-content-flex-start fusion-content-layout-column\"><div class=\"fusion-text fusion-text-6\" style=\"--awb-font-size:25px;--awb-text-color:#002942;\"><p><strong>Standort S\u00fcdtirol<\/strong><\/p>\n<\/div><div class=\"fusion-text fusion-text-7\"><div class=\"description\">\n<p style=\"text-align: left;\">2018 haben wir unsere erste Niederlassung in Bozen er\u00f6ffnet und wenden seitdem unsere Sanierungstechniken auch in S\u00fcdtirol an. Stark motiviert haben wir als Sprint Italia bereits unterschiedliche F\u00e4lle bearbeitet. Als spezialisiertes zweisprachiges Team sind wir jederzeit schnell, einsatzbereit und gut aufeinander abgestimmt s\u00fcdtirolweit zur Stelle. Wir bieten effiziente Hilfe aus einer Hand und binden nach Bedarf und Wunsch ortsans\u00e4ssige Handwerker mit ein. Sanierung leicht gemacht! Eine m\u00fchevolle Koordination bleibt Ihnen somit erspart.<\/p>\n<\/div>\n<\/div><\/div><\/div><div class=\"fusion-layout-column fusion_builder_column fusion-builder-column-8 fusion_builder_column_1_3 1_3 fusion-flex-column\" style=\"--awb-bg-size:cover;--awb-width-large:33.333333333333%;--awb-spacing-right-large:5.76%;--awb-spacing-left-large:5.76%;--awb-width-medium:33.333333333333%;--awb-order-medium:0;--awb-spacing-right-medium:5.76%;--awb-spacing-left-medium:5.76%;--awb-width-small:100%;--awb-order-small:0;--awb-spacing-right-small:1.92%;--awb-spacing-left-small:1.92%;\"><div class=\"fusion-column-wrapper fusion-column-has-shadow fusion-flex-justify-content-flex-start fusion-content-layout-column\"><div class=\"fusion-image-element \"><span class=\" fusion-imageframe imageframe-none imageframe-4 hover-type-none\"><img decoding=\"async\" width=\"345\" height=\"345\" title=\"chi-siamo-risanamento-danni-incendio-muffa-acqua-pronto-intervento-edifici-sicurezza-decontaminazione-smaltimento-allagamento-purificazione4\" src=\"https:\/\/www.sprint-italia.it\/wp-content\/uploads\/chi-siamo-risanamento-danni-incendio-muffa-acqua-pronto-intervento-edifici-sicurezza-decontaminazione-smaltimento-allagamento-purificazione4.jpg\" alt class=\"img-responsive wp-image-190\" srcset=\"https:\/\/www.sprint-italia.it\/wp-content\/uploads\/chi-siamo-risanamento-danni-incendio-muffa-acqua-pronto-intervento-edifici-sicurezza-decontaminazione-smaltimento-allagamento-purificazione4-200x200.jpg 200w, https:\/\/www.sprint-italia.it\/wp-content\/uploads\/chi-siamo-risanamento-danni-incendio-muffa-acqua-pronto-intervento-edifici-sicurezza-decontaminazione-smaltimento-allagamento-purificazione4.jpg 345w\" sizes=\"(max-width: 640px) 100vw, 345px\" \/><\/span><\/div><\/div><\/div><\/div><\/div>\n<\/p>\n","protected":false},"excerpt":{"rendered":"","protected":false},"author":1,"featured_media":0,"parent":0,"menu_order":0,"comment_status":"closed","ping_status":"closed","template":"100-width.php","meta":{"footnotes":""},"yoast_head":"<!-- This site is optimized with the Yoast SEO plugin v22.9 - https:\/\/yoast.com\/wordpress\/plugins\/seo\/ -->\n<title>Home - Sprint Italia<\/title>\n<meta name=\"robots\" content=\"index, follow, max-snippet:-1, max-image-preview:large, max-video-preview:-1\" \/>\n<link rel=\"canonical\" href=\"https:\/\/www.sprint-italia.it\/de\" \/>\n<meta property=\"og:locale\" content=\"de_DE\" \/>\n<meta property=\"og:type\" content=\"article\" \/>\n<meta property=\"og:title\" content=\"Home - Sprint Italia\" \/>\n<meta property=\"og:url\" content=\"https:\/\/www.sprint-italia.it\/de\" \/>\n<meta property=\"og:site_name\" content=\"Sprint Italia\" \/>\n<meta property=\"article:modified_time\" content=\"2023-10-20T08:55:52+00:00\" \/>\n<meta name=\"twitter:card\" content=\"summary_large_image\" \/>\n<meta name=\"twitter:label1\" content=\"Gesch\u00e4tzte Lesezeit\" \/>\n\t<meta name=\"twitter:data1\" content=\"12\u00a0Minuten\" \/>\n<script type=\"application\/ld+json\" class=\"yoast-schema-graph\">{\"@context\":\"https:\/\/schema.org\",\"@graph\":[{\"@type\":\"WebPage\",\"@id\":\"https:\/\/www.sprint-italia.it\/de\",\"url\":\"https:\/\/www.sprint-italia.it\/de\",\"name\":\"Home - Sprint Italia\",\"isPartOf\":{\"@id\":\"https:\/\/www.sprint-italia.it\/#website\"},\"datePublished\":\"2021-01-22T14:53:28+00:00\",\"dateModified\":\"2023-10-20T08:55:52+00:00\",\"breadcrumb\":{\"@id\":\"https:\/\/www.sprint-italia.it\/de#breadcrumb\"},\"inLanguage\":\"de\",\"potentialAction\":[{\"@type\":\"ReadAction\",\"target\":[\"https:\/\/www.sprint-italia.it\/de\"]}]},{\"@type\":\"BreadcrumbList\",\"@id\":\"https:\/\/www.sprint-italia.it\/de#breadcrumb\",\"itemListElement\":[{\"@type\":\"ListItem\",\"position\":1,\"name\":\"Home\",\"item\":\"https:\/\/www.sprint-italia.it\/de\"},{\"@type\":\"ListItem\",\"position\":2,\"name\":\"Home\"}]},{\"@type\":\"WebSite\",\"@id\":\"https:\/\/www.sprint-italia.it\/#website\",\"url\":\"https:\/\/www.sprint-italia.it\/\",\"name\":\"Sprint Italia\",\"description\":\"\",\"potentialAction\":[{\"@type\":\"SearchAction\",\"target\":{\"@type\":\"EntryPoint\",\"urlTemplate\":\"https:\/\/www.sprint-italia.it\/?s={search_term_string}\"},\"query-input\":\"required name=search_term_string\"}],\"inLanguage\":\"de\"}]}<\/script>\n<!-- \/ Yoast SEO plugin. -->","yoast_head_json":{"title":"Home - Sprint Italia","robots":{"index":"index","follow":"follow","max-snippet":"max-snippet:-1","max-image-preview":"max-image-preview:large","max-video-preview":"max-video-preview:-1"},"canonical":"https:\/\/www.sprint-italia.it\/de","og_locale":"de_DE","og_type":"article","og_title":"Home - Sprint Italia","og_url":"https:\/\/www.sprint-italia.it\/de","og_site_name":"Sprint Italia","article_modified_time":"2023-10-20T08:55:52+00:00","twitter_card":"summary_large_image","twitter_misc":{"Gesch\u00e4tzte Lesezeit":"12\u00a0Minuten"},"schema":{"@context":"https:\/\/schema.org","@graph":[{"@type":"WebPage","@id":"https:\/\/www.sprint-italia.it\/de","url":"https:\/\/www.sprint-italia.it\/de","name":"Home - Sprint Italia","isPartOf":{"@id":"https:\/\/www.sprint-italia.it\/#website"},"datePublished":"2021-01-22T14:53:28+00:00","dateModified":"2023-10-20T08:55:52+00:00","breadcrumb":{"@id":"https:\/\/www.sprint-italia.it\/de#breadcrumb"},"inLanguage":"de","potentialAction":[{"@type":"ReadAction","target":["https:\/\/www.sprint-italia.it\/de"]}]},{"@type":"BreadcrumbList","@id":"https:\/\/www.sprint-italia.it\/de#breadcrumb","itemListElement":[{"@type":"ListItem","position":1,"name":"Home","item":"https:\/\/www.sprint-italia.it\/de"},{"@type":"ListItem","position":2,"name":"Home"}]},{"@type":"WebSite","@id":"https:\/\/www.sprint-italia.it\/#website","url":"https:\/\/www.sprint-italia.it\/","name":"Sprint Italia","description":"","potentialAction":[{"@type":"SearchAction","target":{"@type":"EntryPoint","urlTemplate":"https:\/\/www.sprint-italia.it\/?s={search_term_string}"},"query-input":"required name=search_term_string"}],"inLanguage":"de"}]}},"_links":{"self":[{"href":"https:\/\/www.sprint-italia.it\/de\/wp-json\/wp\/v2\/pages\/150"}],"collection":[{"href":"https:\/\/www.sprint-italia.it\/de\/wp-json\/wp\/v2\/pages"}],"about":[{"href":"https:\/\/www.sprint-italia.it\/de\/wp-json\/wp\/v2\/types\/page"}],"author":[{"embeddable":true,"href":"https:\/\/www.sprint-italia.it\/de\/wp-json\/wp\/v2\/users\/1"}],"replies":[{"embeddable":true,"href":"https:\/\/www.sprint-italia.it\/de\/wp-json\/wp\/v2\/comments?post=150"}],"version-history":[{"count":11,"href":"https:\/\/www.sprint-italia.it\/de\/wp-json\/wp\/v2\/pages\/150\/revisions"}],"predecessor-version":[{"id":637,"href":"https:\/\/www.sprint-italia.it\/de\/wp-json\/wp\/v2\/pages\/150\/revisions\/637"}],"wp:attachment":[{"href":"https:\/\/www.sprint-italia.it\/de\/wp-json\/wp\/v2\/media?parent=150"}],"curies":[{"name":"wp","href":"https:\/\/api.w.org\/{rel}","templated":true}]}}