{"id":178,"date":"2021-01-22T16:36:37","date_gmt":"2021-01-22T15:36:37","guid":{"rendered":"https:\/\/www.sprint-italia.it\/?page_id=178"},"modified":"2021-06-24T09:02:06","modified_gmt":"2021-06-24T07:02:06","slug":"privacy-policy","status":"publish","type":"page","link":"https:\/\/www.sprint-italia.it\/de\/privacy-policy","title":{"rendered":"Privacy policy"},"content":{"rendered":"<div class=\"fusion-fullwidth fullwidth-box fusion-builder-row-1 fusion-flex-container nonhundred-percent-fullwidth non-hundred-percent-height-scrolling\" style=\"--awb-border-radius-top-left:0px;--awb-border-radius-top-right:0px;--awb-border-radius-bottom-right:0px;--awb-border-radius-bottom-left:0px;\" ><div class=\"fusion-builder-row fusion-row fusion-flex-align-items-flex-start\" style=\"max-width:1352px;margin-left: calc(-4% \/ 2 );margin-right: calc(-4% \/ 2 );\"><div class=\"fusion-layout-column fusion_builder_column fusion-builder-column-0 fusion_builder_column_1_1 1_1 fusion-flex-column\" style=\"--awb-bg-size:cover;--awb-width-large:100%;--awb-margin-top-large:0px;--awb-spacing-right-large:1.92%;--awb-margin-bottom-large:0px;--awb-spacing-left-large:1.92%;--awb-width-medium:100%;--awb-spacing-right-medium:1.92%;--awb-spacing-left-medium:1.92%;--awb-width-small:100%;--awb-spacing-right-small:1.92%;--awb-spacing-left-small:1.92%;\"><div class=\"fusion-column-wrapper fusion-flex-justify-content-flex-start fusion-content-layout-column\"><div class=\"fusion-text fusion-text-1\"><h2>Datenschutzinformationsmitteilung gem\u00e4\u00df Art. 13 der europ\u00e4ischen Datenschutz-Grundverordnung Nr. 679\/2016<\/h2>\n<p>Wir nehmen den Schutz Ihrer personenbezogenen Daten sehr ernst und wenden in unserer T\u00e4tigkeit alle erforderlichen Ma\u00dfnahmen an, um diesen Schutz im Sinne der Datenschutz-Grundverordnung und der nationalen Gesetzgebung zu gew\u00e4hrleisten.<br \/>\nWie von den Bestimmungen zum Datenschutz vorgesehen, informieren wir Sie hiermit \u00fcber die Verarbeitung Ihrer personenbezogenen Daten, welche im Zuge der Benutzung der Webseite erfolgt.<\/p>\n<p><strong>Allgemeines<\/strong><br \/>\nGegenst\u00e4ndliche Informationsmitteilung bezieht sich nur auf diese Webseite. Falls Sie \u00fcber Links auf andere Seiten weitergeleitet werden, informieren Sie sich direkt auf der weitergeleiteten Webseite \u00fcber den jeweiligen Umgang mit Ihren Daten.<br \/>\nDie nachfolgenden Vorschriften informieren Sie \u00fcber Art, Umfang und Zweck der Erhebung, Verarbeitung und Nutzung personenbezogener Daten im Zuge der Benutzung der Webseite.<br \/>\nDie Nutzung dieser Webseite ist in der Regel ohne Angabe von personenbezogenen Daten m\u00f6glich. Dennoch kann es vorkommen, im technisch notwendigen Umfang, dass f\u00fcr die Nutzung dieser Seite Informationen bzgl. des Nutzerverhaltens (Cookies) und auch andere Daten (z.B. IP-Adresse) erhoben werden.<br \/>\nDie Sprint Italia GmbH erhebt und speichert automatisch auf ihren Servern einige vom Browser \u00fcbermittelte Informationen, soweit diese bereitgestellt werden. Diese Daten k\u00f6nnen nicht direkt einer bestimmten Person zugeordnet werden und eine Zusammenf\u00fchrung dieser Daten mit anderen Datenquellen wird nicht vorgenommen.<\/p>\n<p><strong>Kontaktformulare und Tools<\/strong><br \/>\nBei der Nutzung bestimmter Dienstleistungen (z.B. Kontaktformular oder Tools) werden auf unserer Seite auch andere personenbezogene Daten (beispielsweise Name, Anschrift oder E-Mail-Adressen) erhoben. Dies erfolgt stets auf freiwilliger Basis und durch die Mitteilung seitens des Nutzers selbst. Diese Daten werden ohne Ihre ausdr\u00fcckliche Zustimmung nicht an Dritte weitergegeben und die von Ihnen eingegebenen Daten werden ausschlie\u00dflich f\u00fcr die Abwicklung der angefragten Dienstleistung verwendet. Ihre Angaben aus dem Anfrageformular inklusive der von Ihnen dort angegebenen Kontaktdaten zwecks Bearbeitung der Anfrage und f\u00fcr den Fall von Anschlussfragen werden bei uns gespeichert.<\/p>\n<p><strong>Webanalyse mit Google Analytics<\/strong><br \/>\nDiese Website nutzt Funktionen des Webanalysedienstes Google Analytics. Anbieter ist die Google Inc., 1600 Amphitheatre Parkway Mountain View, CA 94043, USA. Google Analytics verwendet zielorientierte Cookies.<br \/>\nMehr Informationen zum Umgang mit Nutzerdaten bei Google Analytics finden Sie in der Datenschutzerkl\u00e4rung von Google:<br \/>\nhttps:\/\/support.google.com\/analytics\/answer\/6004245?hl=de<br \/>\nDiese Webseite benutzt Google Analytics mit der Erweiterung \u201eanonymizeIP()\u201c, damit die IP-Adressen nur gek\u00fcrzt weiterverarbeitet werden, um eine direkte Personenbeziehbarkeit auszuschlie\u00dfen.<\/p>\n<p><strong>Social Plugins von Facebook<\/strong><br \/>\nWir verwenden auf unseren Webseiten keine Social Plugins von Facebook, sondern verlinken lediglich auf Dienste von facebook.com, betrieben durch Facebook Inc., 1 Hacker Way, Menlo Park, California 94025, USA. Die Verlinkungen sind an dem Facebook Logo zu erkennen.<br \/>\nWenn Sie diese Links nicht anklicken, werden keine Daten von unserer Webseite an Facebook \u00fcbermittelt.<br \/>\nWenn Sie z.B. den \u201eGef\u00e4llt mir\u201c Button anklicken oder einen Kommentar abgeben, wird die entsprechende Information von Ihrem Browser direkt an Facebook \u00fcbermittelt und dort gespeichert. Weiterhin macht Facebook Ihre Vorlieben f\u00fcr Ihre Facebook-Freunde \u00f6ffentlich. Sind Sie bei Facebook eingeloggt, kann Facebook den Aufruf unserer Seite Ihrem Facebook-Konto direkt zuordnen. Auch wenn Sie nicht eingeloggt sind oder gar kein Facebook-Konto besitzen, \u00fcbermittelt Ihr Browser Informationen (z.B. welche Webseite Sie aufgerufen haben, Ihre IP-Adresse), die von Facebook gespeichert werden. Wir weisen darauf hin, dass wir als Anbieter der Seiten keine Kenntnis vom Inhalt der \u00fcbermittelten Daten sowie deren Nutzung durch Facebook erhalten.<br \/>\nDetails zum Umgang mit Ihren pers\u00f6nlichen Daten durch Facebook sowie Ihren diesbez\u00fcglichen Rechten entnehmen Sie bitte den Datenschutzhinweisen von Facebook: www.facebook.com\/policy.php. Wenn Sie nicht m\u00f6chten, dass Facebook die \u00fcber unsere Webseiten \u00fcber Sie gesammelten Daten Ihrem Facebook-Konto zuordnet, m\u00fcssen Sie sich vor Ihrem Besuch unserer Webseiten bei Facebook ausloggen.<\/p>\n<p><strong>Server-Log-Files<\/strong><br \/>\nDer Betreiber des Internetservers der Seiten erhebt und speichert automatisch Informationen in so genannten Server-Log Files, die Ihr Browser automatisch an uns \u00fcbermittelt. Dies sind:<br \/>\nBrowsertyp und Browserversion<br \/>\nverwendetes Betriebssystem<br \/>\nReferrer URL<br \/>\nHostname des zugreifenden Rechners<br \/>\nUhrzeit der Serveranfrage<br \/>\nIP Adresse<br \/>\nDiese Daten sind nicht bestimmten Personen zuordenbar. Eine Zusammenf\u00fchrung dieser Daten mit anderen Datenquellen wird nicht vorgenommen. Wir sind vom Gesetzgeber verpflichtet, diese Daten aus Gr\u00fcnden der Strafverfolgbarkeit f\u00fcr die vom Gesetzgeber vorgeschriebene Zeit aufzubewahren, und behalten uns vor, diese Daten nachtr\u00e4glich zu pr\u00fcfen, wenn uns konkrete Anhaltspunkte f\u00fcr eine rechtswidrige Nutzung bekannt werden.<\/p>\n<p><strong>Sicherheitsma\u00dfnahmen und SSL-Verschl\u00fcsselung<\/strong><br \/>\nDie Verarbeitung Ihrer personenbezogenen Daten erfolgt unter Beachtung der Rechte, Grundfreiheiten und der W\u00fcrde des Betroffenen f\u00fcr die oben genannten Zwecke elektronisch und jedenfalls unter Einhaltung s\u00e4mtlicher organisatorischer und technischer Sicherheitsma\u00dfnahmen. Die Verwendung Ihrer Daten unterliegt den Prinzipien der Korrektheit, Rechtm\u00e4\u00dfigkeit und Transparenz. Diese Seite nutzt aus Gr\u00fcnden der Sicherheit und zum Schutz der \u00dcbertragung vertraulicher Inhalte eine SSL-Verschl\u00fcsselung. Wenn die SSL Verschl\u00fcsselung aktiviert ist, k\u00f6nnen die Daten, die Sie an uns \u00fcbermitteln, nicht von Dritten mitgelesen werden.<\/p>\n<p><strong>Aufbewahrungszeit<\/strong><br \/>\nIhre personenbezogenen Daten werden nur solange aufbewahrt, wie es f\u00fcr die Erf\u00fcllung von angefragten Dienstleistungen notwendig bzw. vom Gesetz vorgesehen ist (z.B. steuerrechtliche, zivilrechtliche und aufsichtsrechtliche Bestimmungen). Im Zusammenhang mit der Speicherdauer wird darauf hingewiesen, dass die ordentliche Verj\u00e4hrung nach Art. 2946 ZGB zehn Jahre betr\u00e4gt.<br \/>\nWeitergabe der Daten an Dritte<br \/>\nIm Rahmen des Betriebes unseres Webservers, hat der damit beauftragte Dienstleister pixxelfactory s.a.s des Walter Doneg\u00e0 &amp; C., Zw\u00f6lfmagreiner Str. 12-C \/ 39100 Bozen, IT00770420214, Zugang zu Ihren personenbezogen Daten. Dieser wurde darum zum \u201eAuftragsverarbeiter\u201c ernannt.<\/p>\n<p><strong>Die Rechte der betroffenen Person<\/strong><br \/>\nDie Datenschutzbestimmungen erkennen der betroffenen Person bestimmte Rechte in Bezug auf die Verarbeitung seiner Daten zu.<br \/>\nInsbesondere kann der Betroffene von der Genossenschaft jederzeit Auskunft \u00fcber das Vorhandensein von Daten, die seine Person betreffen, \u00fcber die Herkunft dieser Daten und die Art und Weise der Verarbeitung verlangen. Der Betroffene hat au\u00dferdem das Recht, seine Daten aktualisieren, vervollst\u00e4ndigen und berichtigen zu lassen, falls sie nicht korrekt oder vollst\u00e4ndig sind, die L\u00f6schung der Daten zu begehren, eine Einschr\u00e4nkung von widerrechtlich verarbeiteten Daten zu verlangen und der Verarbeitung seiner Daten zu widersprechen. Auch m\u00fcssen der betroffenen Person auf Anfrage ihre personenbezogenen Daten in verst\u00e4ndlicher Weise zur Verf\u00fcgung gestellt werden bzw. an Dritte \u00fcbertragen werden.<br \/>\nWir weisen darauf hin, dass der Betroffene jederzeit das Recht hat, seine Zustimmung zur Verarbeitung der Daten abzu\u00e4ndern bzw. zu widerrufen.<br \/>\nF\u00fcr die Aus\u00fcbung dieser Rechte kann sich der Betroffene direkt an Sprint Italia GmbH als Verantwortlichen der Datenverarbeitung wenden. Bitte richten Sie etwaige Anfragen schriftlich an die Sprint Italia GmbH, wie nachfolgend genauer beschrieben.<br \/>\nBeschwerden k\u00f6nnen direkt an die italienische Datenschutzbeh\u00f6rde \u201eGarante della Protezione dei Dati Personali\u201c\u00a0gerichtet werden.<br \/>\nVerantwortlicher der Datenverarbeitung<br \/>\nVerantwortlicher der Datenverarbeitung ist die Sprint Italia GmbH mit Sitz in Bozen, Sebastian-Altmann-Stra\u00dfe 17, Tel. 0471 1830 699, Email:\u00a0<span id=\"cloakb65da06c663f8260c0619977c16a4b9a\"><a href=\"mailto:info@sprint-italia.it\">info@sprint-italia.it<\/a><\/span><\/p>\n<div class=\"\"><a href=\"https:\/\/www.sprint-italia.it\/wp-content\/uploads\/Datenschutz-Kunde.pdf\" target=\"_blank\" rel=\"noopener\"><b class=\"\"><span class=\"\" lang=\"DE\">Informationsmitteilung<\/span><\/b><span class=\"\" lang=\"DE\">\u00a0im Sinne der Art. 13 und 14 der europ\u00e4ischen\u00a0<strong>Datenschutz-Grundverordnung<\/strong> Nr. 679\/2016\u00a0<b class=\"\">\u2013 f\u00fcr KUNDEN<\/b><\/span><\/a><\/div>\n<div class=\"\"><a href=\"https:\/\/www.sprint-italia.it\/wp-content\/uploads\/Datenschutz-Lieferanten.pdf\" target=\"_blank\" rel=\"noopener\"><span class=\"\" lang=\"DE\"><strong>Informationsmitteilung<\/strong> im Sinne der Art. 13 und 14 der europ\u00e4ischen <strong>Datenschutz-Grundverordnung<\/strong> Nr. 679\/2016 \u2013 <strong>f\u00fcr LIEFERANTEN<\/strong><\/span><\/a><\/div>\n<div><a href=\"https:\/\/www.sprint-italia.it\/wp-content\/uploads\/jobs-20200128_Info_Privacy_BEWERBER_de-sig.pdf\" target=\"_blank\" rel=\"noopener\"><strong>Informationsmitteilung<\/strong>\u00a0im Sinne der Art. 13 und 14 der europ\u00e4ischen\u00a0<strong>Datenschutz-Grundverordnung<\/strong>\u00a0Nr. 679\/2016 \u2013\u00a0<strong>f\u00fcr BEWERBER<\/strong><\/a><\/div>\n<div><\/div>\n<\/div><\/div><\/div><\/div><\/div>\n","protected":false},"excerpt":{"rendered":"","protected":false},"author":1,"featured_media":0,"parent":0,"menu_order":0,"comment_status":"closed","ping_status":"closed","template":"","meta":{"footnotes":""},"yoast_head":"<!-- This site is optimized with the Yoast SEO plugin v22.9 - https:\/\/yoast.com\/wordpress\/plugins\/seo\/ -->\n<title>Privacy policy - Sprint Italia<\/title>\n<meta name=\"robots\" content=\"index, follow, max-snippet:-1, max-image-preview:large, max-video-preview:-1\" \/>\n<link rel=\"canonical\" href=\"https:\/\/www.sprint-italia.it\/de\/privacy-policy\" \/>\n<meta property=\"og:locale\" content=\"de_DE\" \/>\n<meta property=\"og:type\" content=\"article\" \/>\n<meta property=\"og:title\" content=\"Privacy policy - Sprint Italia\" \/>\n<meta property=\"og:url\" content=\"https:\/\/www.sprint-italia.it\/de\/privacy-policy\" \/>\n<meta property=\"og:site_name\" content=\"Sprint Italia\" \/>\n<meta property=\"article:modified_time\" content=\"2021-06-24T07:02:06+00:00\" \/>\n<meta name=\"twitter:card\" content=\"summary_large_image\" \/>\n<meta name=\"twitter:label1\" content=\"Gesch\u00e4tzte Lesezeit\" \/>\n\t<meta name=\"twitter:data1\" content=\"7\u00a0Minuten\" \/>\n<script type=\"application\/ld+json\" class=\"yoast-schema-graph\">{\"@context\":\"https:\/\/schema.org\",\"@graph\":[{\"@type\":\"WebPage\",\"@id\":\"https:\/\/www.sprint-italia.it\/de\/privacy-policy\",\"url\":\"https:\/\/www.sprint-italia.it\/de\/privacy-policy\",\"name\":\"Privacy policy - Sprint Italia\",\"isPartOf\":{\"@id\":\"https:\/\/www.sprint-italia.it\/#website\"},\"datePublished\":\"2021-01-22T15:36:37+00:00\",\"dateModified\":\"2021-06-24T07:02:06+00:00\",\"breadcrumb\":{\"@id\":\"https:\/\/www.sprint-italia.it\/de\/privacy-policy#breadcrumb\"},\"inLanguage\":\"de\",\"potentialAction\":[{\"@type\":\"ReadAction\",\"target\":[\"https:\/\/www.sprint-italia.it\/de\/privacy-policy\"]}]},{\"@type\":\"BreadcrumbList\",\"@id\":\"https:\/\/www.sprint-italia.it\/de\/privacy-policy#breadcrumb\",\"itemListElement\":[{\"@type\":\"ListItem\",\"position\":1,\"name\":\"Home\",\"item\":\"https:\/\/www.sprint-italia.it\/de\"},{\"@type\":\"ListItem\",\"position\":2,\"name\":\"Privacy policy\"}]},{\"@type\":\"WebSite\",\"@id\":\"https:\/\/www.sprint-italia.it\/#website\",\"url\":\"https:\/\/www.sprint-italia.it\/\",\"name\":\"Sprint Italia\",\"description\":\"\",\"potentialAction\":[{\"@type\":\"SearchAction\",\"target\":{\"@type\":\"EntryPoint\",\"urlTemplate\":\"https:\/\/www.sprint-italia.it\/?s={search_term_string}\"},\"query-input\":\"required name=search_term_string\"}],\"inLanguage\":\"de\"}]}<\/script>\n<!-- \/ Yoast SEO plugin. -->","yoast_head_json":{"title":"Privacy policy - Sprint Italia","robots":{"index":"index","follow":"follow","max-snippet":"max-snippet:-1","max-image-preview":"max-image-preview:large","max-video-preview":"max-video-preview:-1"},"canonical":"https:\/\/www.sprint-italia.it\/de\/privacy-policy","og_locale":"de_DE","og_type":"article","og_title":"Privacy policy - Sprint Italia","og_url":"https:\/\/www.sprint-italia.it\/de\/privacy-policy","og_site_name":"Sprint Italia","article_modified_time":"2021-06-24T07:02:06+00:00","twitter_card":"summary_large_image","twitter_misc":{"Gesch\u00e4tzte Lesezeit":"7\u00a0Minuten"},"schema":{"@context":"https:\/\/schema.org","@graph":[{"@type":"WebPage","@id":"https:\/\/www.sprint-italia.it\/de\/privacy-policy","url":"https:\/\/www.sprint-italia.it\/de\/privacy-policy","name":"Privacy policy - Sprint Italia","isPartOf":{"@id":"https:\/\/www.sprint-italia.it\/#website"},"datePublished":"2021-01-22T15:36:37+00:00","dateModified":"2021-06-24T07:02:06+00:00","breadcrumb":{"@id":"https:\/\/www.sprint-italia.it\/de\/privacy-policy#breadcrumb"},"inLanguage":"de","potentialAction":[{"@type":"ReadAction","target":["https:\/\/www.sprint-italia.it\/de\/privacy-policy"]}]},{"@type":"BreadcrumbList","@id":"https:\/\/www.sprint-italia.it\/de\/privacy-policy#breadcrumb","itemListElement":[{"@type":"ListItem","position":1,"name":"Home","item":"https:\/\/www.sprint-italia.it\/de"},{"@type":"ListItem","position":2,"name":"Privacy policy"}]},{"@type":"WebSite","@id":"https:\/\/www.sprint-italia.it\/#website","url":"https:\/\/www.sprint-italia.it\/","name":"Sprint Italia","description":"","potentialAction":[{"@type":"SearchAction","target":{"@type":"EntryPoint","urlTemplate":"https:\/\/www.sprint-italia.it\/?s={search_term_string}"},"query-input":"required name=search_term_string"}],"inLanguage":"de"}]}},"_links":{"self":[{"href":"https:\/\/www.sprint-italia.it\/de\/wp-json\/wp\/v2\/pages\/178"}],"collection":[{"href":"https:\/\/www.sprint-italia.it\/de\/wp-json\/wp\/v2\/pages"}],"about":[{"href":"https:\/\/www.sprint-italia.it\/de\/wp-json\/wp\/v2\/types\/page"}],"author":[{"embeddable":true,"href":"https:\/\/www.sprint-italia.it\/de\/wp-json\/wp\/v2\/users\/1"}],"replies":[{"embeddable":true,"href":"https:\/\/www.sprint-italia.it\/de\/wp-json\/wp\/v2\/comments?post=178"}],"version-history":[{"count":4,"href":"https:\/\/www.sprint-italia.it\/de\/wp-json\/wp\/v2\/pages\/178\/revisions"}],"predecessor-version":[{"id":257,"href":"https:\/\/www.sprint-italia.it\/de\/wp-json\/wp\/v2\/pages\/178\/revisions\/257"}],"wp:attachment":[{"href":"https:\/\/www.sprint-italia.it\/de\/wp-json\/wp\/v2\/media?parent=178"}],"curies":[{"name":"wp","href":"https:\/\/api.w.org\/{rel}","templated":true}]}}